{"id":21009,"date":"2025-12-15T23:41:22","date_gmt":"2025-12-15T23:41:22","guid":{"rendered":"https:\/\/laukotreniruoklis.lt\/v1\/?post_type=product&#038;p=21009"},"modified":"2025-12-16T09:04:10","modified_gmt":"2025-12-16T09:04:10","slug":"7210-crosstrainer","status":"publish","type":"product","link":"https:\/\/laukotreniruoklis.lt\/v1\/product\/7210-crosstrainer\/","title":{"rendered":"7210 Crosstrainer"},"content":{"rendered":"","protected":false},"excerpt":{"rendered":"<p><span style=\"color: #000000;\">Apra\u0161ymas<\/span><\/p>\n<p><span style=\"color: #000000;\">\u0160irdies ir kraujagysli\u0173 pratimai rankoms ir kojoms ap\u0161ildyti. Pagerina vir\u0161utin\u0117s ir apatin\u0117s k\u016bno dali\u0173 koordinacij\u0105. \u012etraukia kelias raumen\u0173 grupes, tuo pa\u010diu suma\u017einant s\u0105nari\u0173 apkrov\u0105. Tinka vis\u0173 tip\u0173 naudotojams, \u012fskaitant neturin\u010dius patirties ar vyresnio am\u017eiaus \u017emones.<\/span><\/p>\n","protected":false},"featured_media":21012,"comment_status":"open","ping_status":"closed","template":"","meta":[],"product_brand":[],"product_cat":[72],"product_tag":[],"class_list":{"0":"post-21009","1":"product","2":"type-product","3":"status-publish","4":"has-post-thumbnail","6":"product_cat-uncategorized","8":"first","9":"instock","10":"shipping-taxable","11":"purchasable","12":"product-type-simple"},"_links":{"self":[{"href":"https:\/\/laukotreniruoklis.lt\/v1\/wp-json\/wp\/v2\/product\/21009","targetHints":{"allow":["GET"]}}],"collection":[{"href":"https:\/\/laukotreniruoklis.lt\/v1\/wp-json\/wp\/v2\/product"}],"about":[{"href":"https:\/\/laukotreniruoklis.lt\/v1\/wp-json\/wp\/v2\/types\/product"}],"replies":[{"embeddable":true,"href":"https:\/\/laukotreniruoklis.lt\/v1\/wp-json\/wp\/v2\/comments?post=21009"}],"wp:featuredmedia":[{"embeddable":true,"href":"https:\/\/laukotreniruoklis.lt\/v1\/wp-json\/wp\/v2\/media\/21012"}],"wp:attachment":[{"href":"https:\/\/laukotreniruoklis.lt\/v1\/wp-json\/wp\/v2\/media?parent=21009"}],"wp:term":[{"taxonomy":"product_brand","embeddable":true,"href":"https:\/\/laukotreniruoklis.lt\/v1\/wp-json\/wp\/v2\/product_brand?post=21009"},{"taxonomy":"product_cat","embeddable":true,"href":"https:\/\/laukotreniruoklis.lt\/v1\/wp-json\/wp\/v2\/product_cat?post=21009"},{"taxonomy":"product_tag","embeddable":true,"href":"https:\/\/laukotreniruoklis.lt\/v1\/wp-json\/wp\/v2\/product_tag?post=21009"}],"curies":[{"name":"wp","href":"https:\/\/api.w.org\/{rel}","templated":true}]}}