{"id":21025,"date":"2025-12-16T09:07:57","date_gmt":"2025-12-16T09:07:57","guid":{"rendered":"https:\/\/laukotreniruoklis.lt\/v1\/?post_type=product&#038;p=21025"},"modified":"2025-12-16T09:08:30","modified_gmt":"2025-12-16T09:08:30","slug":"7214-spinning-bike","status":"publish","type":"product","link":"https:\/\/laukotreniruoklis.lt\/v1\/product\/7214-spinning-bike\/","title":{"rendered":"7214 Spinning Bike"},"content":{"rendered":"<p><span class=\"HwtZe\" lang=\"lt\" style=\"color: #000000;\"><span class=\"jCAhz ChMk0b\"><span class=\"ryNqvb\">Apra\u0161ymas \u0160irdies ir kraujagysli\u0173 sistemos lavinimo dvira\u010di\u0173 pratimai.<\/span><\/span> <span class=\"jCAhz ChMk0b\"><span class=\"ryNqvb\">Treniruokite va\u017eiavim\u0105 dvira\u010diu su m\u016bs\u0173 lauko dvira\u010diu.<\/span><\/span> <span class=\"jCAhz ChMk0b\"><span class=\"ryNqvb\">Yra vietos mobiliesiems \u012frenginiams ar kitiems objektams va\u017eiuojant dvira\u010diu (valdoma naudotojo). \u017dr.<\/span><\/span> <span class=\"jCAhz ChMk0b\"><span class=\"ryNqvb\">\u201eNuotraukos\u201c.<\/span><\/span><span class=\"jCAhz\"><span class=\"ryNqvb\"> Techninis lapas<\/span><\/span><\/span><\/p>\n","protected":false},"excerpt":{"rendered":"<p>Apra\u0161ymas \u0160irdies ir kraujagysli\u0173 sistemos lavinimo dvira\u010di\u0173 pratimai. Treniruokite va\u017eiavim\u0105 dvira\u010diu su m\u016bs\u0173 lauko dvira\u010diu. Yra vietos mobiliesiems \u012frenginiams ar kitiems objektams va\u017eiuojant dvira\u010diu (valdoma naudotojo). \u017dr. \u201eNuotraukos\u201c. Techninis lapas<\/p>\n","protected":false},"featured_media":21026,"comment_status":"open","ping_status":"closed","template":"","meta":[],"product_brand":[],"product_cat":[72],"product_tag":[],"class_list":{"0":"post-21025","1":"product","2":"type-product","3":"status-publish","4":"has-post-thumbnail","6":"product_cat-uncategorized","8":"first","9":"instock","10":"shipping-taxable","11":"purchasable","12":"product-type-simple"},"_links":{"self":[{"href":"https:\/\/laukotreniruoklis.lt\/v1\/wp-json\/wp\/v2\/product\/21025","targetHints":{"allow":["GET"]}}],"collection":[{"href":"https:\/\/laukotreniruoklis.lt\/v1\/wp-json\/wp\/v2\/product"}],"about":[{"href":"https:\/\/laukotreniruoklis.lt\/v1\/wp-json\/wp\/v2\/types\/product"}],"replies":[{"embeddable":true,"href":"https:\/\/laukotreniruoklis.lt\/v1\/wp-json\/wp\/v2\/comments?post=21025"}],"wp:featuredmedia":[{"embeddable":true,"href":"https:\/\/laukotreniruoklis.lt\/v1\/wp-json\/wp\/v2\/media\/21026"}],"wp:attachment":[{"href":"https:\/\/laukotreniruoklis.lt\/v1\/wp-json\/wp\/v2\/media?parent=21025"}],"wp:term":[{"taxonomy":"product_brand","embeddable":true,"href":"https:\/\/laukotreniruoklis.lt\/v1\/wp-json\/wp\/v2\/product_brand?post=21025"},{"taxonomy":"product_cat","embeddable":true,"href":"https:\/\/laukotreniruoklis.lt\/v1\/wp-json\/wp\/v2\/product_cat?post=21025"},{"taxonomy":"product_tag","embeddable":true,"href":"https:\/\/laukotreniruoklis.lt\/v1\/wp-json\/wp\/v2\/product_tag?post=21025"}],"curies":[{"name":"wp","href":"https:\/\/api.w.org\/{rel}","templated":true}]}}