{"id":21034,"date":"2025-12-16T09:56:20","date_gmt":"2025-12-16T09:56:20","guid":{"rendered":"https:\/\/laukotreniruoklis.lt\/v1\/?post_type=product&#038;p=21034"},"modified":"2025-12-16T09:57:37","modified_gmt":"2025-12-16T09:57:37","slug":"7226-skywalker","status":"publish","type":"product","link":"https:\/\/laukotreniruoklis.lt\/v1\/product\/7226-skywalker\/","title":{"rendered":"7226 Skywalker"},"content":{"rendered":"","protected":false},"excerpt":{"rendered":"<p><span style=\"color: #000000;\">\u0160irdies ir kraujagysli\u0173 sistemos pratimai kaip apatin\u0117s k\u016bno dalies ap\u0161ilimas. B\u0117gimas yra labai populiarus \u0161irdies ir kraujagysli\u0173 sistemos pratimas, ta\u010diau jis gali tur\u0117ti neigiamos \u012ftakos \u010diurnos, kelio ir klubo s\u0105nariams, taip pat juosmens stuburui. \u0160is treniruoklis to i\u0161vengia. Laikant \u0161tang\u0105 rankomis, liemuo i\u0161lieka taisyklingoje pad\u0117tyje, pager\u0117ja laikysena ir i\u0161vengiama apatin\u0117s nugaros dalies skausmo.<\/span><\/p>\n","protected":false},"featured_media":21035,"comment_status":"open","ping_status":"closed","template":"","meta":[],"product_brand":[],"product_cat":[72],"product_tag":[],"class_list":{"0":"post-21034","1":"product","2":"type-product","3":"status-publish","4":"has-post-thumbnail","6":"product_cat-uncategorized","8":"first","9":"instock","10":"shipping-taxable","11":"purchasable","12":"product-type-simple"},"_links":{"self":[{"href":"https:\/\/laukotreniruoklis.lt\/v1\/wp-json\/wp\/v2\/product\/21034","targetHints":{"allow":["GET"]}}],"collection":[{"href":"https:\/\/laukotreniruoklis.lt\/v1\/wp-json\/wp\/v2\/product"}],"about":[{"href":"https:\/\/laukotreniruoklis.lt\/v1\/wp-json\/wp\/v2\/types\/product"}],"replies":[{"embeddable":true,"href":"https:\/\/laukotreniruoklis.lt\/v1\/wp-json\/wp\/v2\/comments?post=21034"}],"wp:featuredmedia":[{"embeddable":true,"href":"https:\/\/laukotreniruoklis.lt\/v1\/wp-json\/wp\/v2\/media\/21035"}],"wp:attachment":[{"href":"https:\/\/laukotreniruoklis.lt\/v1\/wp-json\/wp\/v2\/media?parent=21034"}],"wp:term":[{"taxonomy":"product_brand","embeddable":true,"href":"https:\/\/laukotreniruoklis.lt\/v1\/wp-json\/wp\/v2\/product_brand?post=21034"},{"taxonomy":"product_cat","embeddable":true,"href":"https:\/\/laukotreniruoklis.lt\/v1\/wp-json\/wp\/v2\/product_cat?post=21034"},{"taxonomy":"product_tag","embeddable":true,"href":"https:\/\/laukotreniruoklis.lt\/v1\/wp-json\/wp\/v2\/product_tag?post=21034"}],"curies":[{"name":"wp","href":"https:\/\/api.w.org\/{rel}","templated":true}]}}