{"id":21064,"date":"2025-12-16T10:17:10","date_gmt":"2025-12-16T10:17:10","guid":{"rendered":"https:\/\/laukotreniruoklis.lt\/v1\/?post_type=product&#038;p=21064"},"modified":"2025-12-16T10:17:53","modified_gmt":"2025-12-16T10:17:53","slug":"7236-tailletwist-station","status":"publish","type":"product","link":"https:\/\/laukotreniruoklis.lt\/v1\/product\/7236-tailletwist-station\/","title":{"rendered":"7236 Tailletwist Station"},"content":{"rendered":"","protected":false},"excerpt":{"rendered":"<p><span style=\"color: #000000;\">Pratimas juosmeniui ir stuburui. Naudodami besisukant\u012f disk\u0105, galite lavinti juosmens ir stuburo lankstum\u0105 sukdami apatin\u0119 k\u016bno dal\u012f. Vir\u0161utin\u0117 k\u016bno dalis i\u0161lieka kuo nejudresnesn\u0117.<\/span><\/p>\n","protected":false},"featured_media":21072,"comment_status":"open","ping_status":"closed","template":"","meta":[],"product_brand":[],"product_cat":[72],"product_tag":[],"class_list":{"0":"post-21064","1":"product","2":"type-product","3":"status-publish","4":"has-post-thumbnail","6":"product_cat-uncategorized","8":"first","9":"instock","10":"shipping-taxable","11":"purchasable","12":"product-type-simple"},"_links":{"self":[{"href":"https:\/\/laukotreniruoklis.lt\/v1\/wp-json\/wp\/v2\/product\/21064","targetHints":{"allow":["GET"]}}],"collection":[{"href":"https:\/\/laukotreniruoklis.lt\/v1\/wp-json\/wp\/v2\/product"}],"about":[{"href":"https:\/\/laukotreniruoklis.lt\/v1\/wp-json\/wp\/v2\/types\/product"}],"replies":[{"embeddable":true,"href":"https:\/\/laukotreniruoklis.lt\/v1\/wp-json\/wp\/v2\/comments?post=21064"}],"wp:featuredmedia":[{"embeddable":true,"href":"https:\/\/laukotreniruoklis.lt\/v1\/wp-json\/wp\/v2\/media\/21072"}],"wp:attachment":[{"href":"https:\/\/laukotreniruoklis.lt\/v1\/wp-json\/wp\/v2\/media?parent=21064"}],"wp:term":[{"taxonomy":"product_brand","embeddable":true,"href":"https:\/\/laukotreniruoklis.lt\/v1\/wp-json\/wp\/v2\/product_brand?post=21064"},{"taxonomy":"product_cat","embeddable":true,"href":"https:\/\/laukotreniruoklis.lt\/v1\/wp-json\/wp\/v2\/product_cat?post=21064"},{"taxonomy":"product_tag","embeddable":true,"href":"https:\/\/laukotreniruoklis.lt\/v1\/wp-json\/wp\/v2\/product_tag?post=21064"}],"curies":[{"name":"wp","href":"https:\/\/api.w.org\/{rel}","templated":true}]}}